{"id":511,"date":"2025-10-14T15:44:33","date_gmt":"2025-10-14T15:44:33","guid":{"rendered":"https:\/\/infermeresbcn.org\/?page_id=511"},"modified":"2025-10-14T15:45:58","modified_gmt":"2025-10-14T15:45:58","slug":"avis-legal","status":"publish","type":"page","link":"https:\/\/infermeresbcn.org\/es\/avis-legal\/","title":{"rendered":"AVISO LEGAL"},"content":{"rendered":"<div data-elementor-type=\"wp-page\" data-elementor-id=\"511\" class=\"elementor elementor-511\" data-elementor-post-type=\"page\">\n\t\t\t\t<div class=\"elementor-element elementor-element-37e59e9b e-flex e-con-boxed e-con e-parent\" data-id=\"37e59e9b\" data-element_type=\"container\">\n\t\t\t\t\t<div class=\"e-con-inner\">\n\t\t\t\t<div class=\"elementor-element elementor-element-d0065b1 elementor-widget elementor-widget-heading\" data-id=\"d0065b1\" data-element_type=\"widget\" data-widget_type=\"heading.default\">\n\t\t\t\t\t<h1 class=\"elementor-heading-title elementor-size-default\">AVISO LEGAL<\/h1>\t\t\t\t<\/div>\n\t\t\t\t<div class=\"elementor-element elementor-element-67f9f70 elementor-widget elementor-widget-text-editor\" data-id=\"67f9f70\" data-element_type=\"widget\" data-widget_type=\"text-editor.default\">\n\t\t\t\t\t\t\t\t\t<p><strong>1. INFORMACI\u00d3 GENERAL<\/strong><br \/>1.1. En compliment de la Llei 34\/2002, d\u201911 de juliol, de Serveis de la Societat de la Informaci\u00f3 i de Comer\u00e7 Electr\u00f2nic (LSSI), en especial del que disposa l\u2019article 10, li informen de les seg\u00fcents dades identificatives:<\/p><p>\u2022 Denominaci\u00f3: Fundaci\u00f3 Infermeres Barcelona (la Fundaci\u00f3)<br \/>\u2022 Adre\u00e7a: Carrer Pujades, 350, 08019 de Barcelona. <br \/>\u2022 CIF: G66474784.<br \/>\u2022 Tel\u00e8fon: 900 705 705.<br \/>\u2022 Adre\u00e7a electr\u00f2nica: info@infermeresbcn.org<\/p><p>1.2. L\u2019acc\u00e9s a aquesta p\u00e0gina web \u00e9s gratu\u00efta excepte el cost de la connexi\u00f3 a trav\u00e9s de la xarxa de telecomunicacions subministrada pel prove\u00efdor d\u2019acc\u00e9s contractat pels usuaris. La p\u00e0gina web est\u00e0 creada per donar a con\u00e8ixer i permetre l\u2019acc\u00e9s general de tots els usuaris a la informaci\u00f3, activitats, productes i serveis propis o de tercers que ofereix aquesta fundaci\u00f3.<\/p><p>1.3. L\u2019\u00fas d\u2019aquesta p\u00e0gina web atribueix la condici\u00f3 d\u2019usuari de la p\u00e0gina web (en endavant l\u2019usuari) i implica l\u2019acceptaci\u00f3 plena i sense reserves de totes i cadascuna de les disposicions incloses en aquest Av\u00eds Legal, en la versi\u00f3 publicada per Fundaci\u00f3 Infermeres Barcelona, en el mateix moment en qu\u00e8 l\u2019usuari accedeixi a la p\u00e0gina web i durant el temps que es trobi connectat a la p\u00e0gina web o a algun dels serveis que es faciliten a trav\u00e9s de la mateixa. \u00c9s responsabilitat de l\u2019usuari llegir aquest Av\u00eds Legal sempre que accedeixi a aquesta p\u00e0gina web, doncs les condicions d\u2019\u00fas poden ser modificades. Si l\u2019usuari no est\u00e0 d\u2019acord amb les presents condicions, haur\u00e0 d\u2019abstenir-se de l\u2019\u00fas d\u2019aquesta p\u00e0gina web.<\/p><p>1.4. Alguns serveis de la p\u00e0gina web poden estar sotmesos a condicions particulars i instruccions que, si s\u2019escau, substitueixen, complementen i\/o modifiquen el present Av\u00eds Legal i que hauran de ser acceptades per l\u2019usuari abans d\u2019iniciar el servei corresponent.<\/p><p><strong>2. PROPIETAT INTEL\u2022LECTUAL I INDUSTRIAL<\/strong><br \/>2.1. L\u2019usuari reconeix i accepta que les marques, noms comercials, signes, logotips, textos, imatges, sons, fitxers, combinacions de colors, o qualsevol altre element, la seva estructura i disseny, la selecci\u00f3 i forma de presentaci\u00f3 dels materials inclosos a la web, programes d\u2019ordinador, codis font i la p\u00e0gina web en el seu conjunt estan protegits pels drets de propietat intel\u2022lectual i industrial titularitat de la Fundaci\u00f3 Infermeres Barcelona i\/o de tercers, els quals tenen el dret exclusiu d\u2019utilitzar-los.<\/p><p>Qualsevol \u00fas o explotaci\u00f3 d\u2019aquests drets estar\u00e0 subjecte a l\u2019autoritzaci\u00f3 pr\u00e8via i expressa per part de la Fundaci\u00f3 Infermeres Barcelona o el tercer titular dels drets afectats.<\/p><p>2.2. Queda prohibida la reproducci\u00f3, transformaci\u00f3, distribuci\u00f3, comunicaci\u00f3 p\u00fablica, transmissi\u00f3 i, en general, qualsevol forma d\u2019explotaci\u00f3 per qualsevol procediment, de tot o part dels continguts d\u2019aquesta web, llevat en els casos previstos a la llei o que es disposi de l\u2019autoritzaci\u00f3 pr\u00e8via de la Fundaci\u00f3 Infermeres Barcelona.<\/p><p>2.3. Queda prohibit descompilar, realitzar enginyeria inversa, suprimir, alterar, eludir o manipular qualsevol dispositiu de protecci\u00f3 o sistemes de seguretat que estiguin instal\u2022lats a la p\u00e0gina web. L\u2019usuari es compromet a respectar els drets enunciats i a evitar qualsevol actuaci\u00f3 que pogu\u00e9s perjudicar-los, reservant-se la Fundaci\u00f3 l\u2019exercici de quantes accions legals li corresponguin en defensa dels seus leg\u00edtims interessos.<\/p><p><strong>3. CONDICIONS D\u2019\u00daS<\/strong><br \/>3.1. L\u2019usuari es compromet a utilitzar la p\u00e0gina web, els seus continguts i serveis, de conformitat amb la llei, amb el present Av\u00eds Legal, amb les condicions particulars de certs serveis i amb els altres avisos, reglaments d\u2019\u00fas i instruccions, com tamb\u00e9 amb la moral i els bons costums generalment acceptats i a l\u2019ordre p\u00fablic.<\/p><p>3.2. A aquest efecte, l\u2019usuari ha d\u2019abstenir-se d\u2019utilitzar qualsevol dels serveis amb finalitats o efectes il\u2022l\u00edcits, prohibits i lesius dels drets i interessos de tercers o que sobrecarreguin, danyin o inutilitzin les xarxes, servidors i altres equips inform\u00e0tics (hardware) o productes i aplicacions inform\u00e0tiques (software) de la Fundaci\u00f3 i\/o de tercers.<\/p><p>3.3. La responsabilitat de l\u2019\u00fas de la informaci\u00f3 continguda en la p\u00e0gina web \u00e9s de l\u2019usuari.<\/p><p>3.4. L\u2019usuari s\u2019abstindr\u00e0 d\u2019obtenir, o intentar obtenir, els continguts de la web per mitjans o procediments diferents dels quals s\u2019hagin posat a la seva disposici\u00f3 o indicat a l\u2019efecte o dels que s\u2019utilitzen habitualment a la xarxa. La Fundaci\u00f3 Infermeres Barcelona no es responsabilitza dels danys i perjudicis que puguin patir els equips inform\u00e0tics dels usuaris a causa que aquests hagin usat de forma indeguda o negligent la p\u00e0gina web.<\/p><p>3.5. D\u2019acord amb el que estableix la cl\u00e0usula 6 d\u2019aquest Av\u00eds Legal, aix\u00ed com la Pol\u00edtica de Protecci\u00f3 de Dadesaplicable en cada moment, la utilitzaci\u00f3 de certs serveis o sol\u2022licituds dirigits a la Fundaci\u00f3 estan condicionats a omplir el corresponent formulari.<\/p><p>3.6. La informaci\u00f3 que l\u2019usuari faciliti a trav\u00e9s dels formularis de la p\u00e0gina web haur\u00e0 de ser certa. L\u2019usuari garanteix l\u2019autenticitat de totes les dades que comuniqui i mantindr\u00e0 actualitzada la informaci\u00f3 facilitada a la Fundaci\u00f3. En tot cas, l\u2019usuari \u00e9s l\u2019\u00fanic responsable de les manifestacions falses, inexactes o incomplertes que realitzi i dels perjudicis que aix\u00f2 pogu\u00e9s causar a la Fundaci\u00f3 i\/o a tercers per la informaci\u00f3 que faciliti.<\/p><p>3.7. Quan la p\u00e0gina web permeti la divulgaci\u00f3 de continguts per part de l\u2019usuari, com per exemple els comentaris en els articles publicats, aquests seran conforme a la llei, les presents condicions, la moral, els bons costums i l\u2019ordre p\u00fablic.<\/p><p><strong>4. EXCLUSI\u00d3 DE RESPONSABILITAT<\/strong><br \/>4.1. Aquest lloc web t\u00e9 com a objectiu principal informar sobre la missi\u00f3, projectes i activitats de la Fundaci\u00f3 i sobre la professi\u00f3 infermera, els continguts del mateix s\u00f3n de car\u00e0cter informatiu i orientatius, per tant no han de ser considerats com assessorament legal o infermer. La informaci\u00f3 continguda en aquest web pot no ser correcta, malgrat els esfor\u00e7os realitzats per vetllar per la seva veracitat i actualitzaci\u00f3.<\/p><p>4.2. La Fundaci\u00f3 Infermeres Barcelona no es fa responsable de les decisions preses a partir de la informaci\u00f3 subministrada en la p\u00e0gina web ni dels danys i perjudicis produ\u00efts a l\u2019usuari o tercers amb motiu de les actuacions que tinguin com \u00fanic fonament la informaci\u00f3 obtinguda d\u2019aquesta web.<\/p><p>4.3. La Fundaci\u00f3 Infermeres Barcelonaqueda eximida de qualsevol responsabilitat per danys i perjudicis de tota naturalesa que puguin derivar-se de la captaci\u00f3 i \u00fas per part de tercers de les informacions, de la publicitat i d\u2019opinions facilitades pels usuaris a la p\u00e0gina web.<\/p><p>4.4. La Fundaci\u00f3 Infermeres Barcelonano es responsabilitza dels danys i perjudicis ocasionats en el sistema dels usuaris del lloc web, doncs l\u2019acc\u00e9s no implica l\u2019obligaci\u00f3 de la Fundaci\u00f3 de garantir la inexist\u00e8ncia de virus o altres elements inform\u00e0tics lesius. \u00c9s responsabilitat dels usuaris comptar amb eines adequades per detectar i desinfectar els programes inform\u00e0tics lesius.<\/p><p>4.5. La Fundaci\u00f3 Infermeres Barcelonaes reserva el dret a modificar, actualitzar, suspendre, interrompre o suprimir en qualsevol moment els continguts i serveis de la web sense pr\u00e8via notificaci\u00f3.<\/p><p>4.6. La Fundaci\u00f3 Infermeres Barcelona no garanteix l\u2019acc\u00e9s continuat, ni la correcta visualitzaci\u00f3, descarrega o utilitat dels elements o informacions contingudes a les p\u00e0gines de la Fundaci\u00f3, que poden ser interromputs per factors o circumst\u00e0ncies que estan fora del seu control. La Fundaci\u00f3 Infermeres Barcelonano es fa responsable dels danys i perjudicis que pogu\u00e9s causar.<\/p><p>4.7. En aquesta web s\u2019inclouen enlla\u00e7os per accedir a p\u00e0gines web alienes, en aquests casos la Fundaci\u00f3 Infermeres Barcelonaactua com a prestador de serveis d\u2019intermediaci\u00f3 d\u2019acord amb el disposat a l\u2019article 17 de la LSSI i la Fundaci\u00f3 no es fa responsable dels continguts, informacions o imatges dels enlla\u00e7os que es troben a la web i que permeten l\u2019acc\u00e9s a altres p\u00e0gines d\u2019Internet. La Fundaci\u00f3 Infermeres Barcelonanom\u00e9s ser\u00e0 responsable dels continguts i serveis subministrats en les p\u00e0gines web enlla\u00e7ades en la mesura que tingui coneixement efectiu de la il\u2022licitud i no hagi desactivat l\u2019enlla\u00e7 amb la dilig\u00e8ncia deguda.<\/p><p>Si l\u2019usuari t\u00e9 coneixement del contingut il\u2022l\u00edcit, inadequat, denigrant, violent o contrari a la moral d\u2019una p\u00e0gina web enlla\u00e7ada pot comunicar-ho a la Fundaci\u00f3 indicant les seves dades personals (nom, adre\u00e7a, tel\u00e8fon i correu electr\u00f2nic), la descripci\u00f3 dels fets que manifestin el car\u00e0cter il\u2022l\u00edcit o inadequat de la p\u00e0gina web enlla\u00e7ada i, en cas que s\u2019hagin vulnerat drets, les dades personals del titular dels drets infringits aix\u00ed com el t\u00edtol que acrediti la legitimaci\u00f3.<\/p><p>La recepci\u00f3 d\u2019aquesta comunicaci\u00f3 no suposar\u00e0 el coneixement efectiu per part de la Fundaci\u00f3 de les activitats i continguts indicats pel comunicant.<\/p><p>4.8. La Fundaci\u00f3 Infermeres Barcelonano coneix els continguts i els serveis enlla\u00e7ats i per tant no es fa responsable dels danys i perjudicis per la il\u2022licitud, qualitat, desactualitzaci\u00f3, indisponiblitat, error i inutilitat dels continguts i serveis de les p\u00e0gines web enlla\u00e7ades.<\/p><p><strong>5. ENLLA\u00c7OS A LA WEB DE LA FUNDACI\u00d3 INFERMERES BARCELONA<\/strong><br \/>5.1. L\u2019usuari que vulgui introduir un enlla\u00e7 des de la seva p\u00e0gina web a la p\u00e0gina web de la Fundaci\u00f3 haur\u00e0 de complir amb les seg\u00fcents obligacions: <br \/>&#8211; L\u2019enlla\u00e7 vincular\u00e0 a la p\u00e0gina web principal, llevat autoritzaci\u00f3 expressa per redireccionar a una p\u00e0gina secund\u00e0ria, que en cap cas podr\u00e0 ser reprodu\u00efda. <br \/>&#8211; Queda prohibit l\u2019\u00fas de frames o marcs de qualsevol tipus que emboliquin la p\u00e0gina web o permetin la visualitzaci\u00f3 de la informaci\u00f3, activitats, serveis o productes a trav\u00e9s de direccions d\u2019Internet diferents a les de la p\u00e0gina web de la Fundaci\u00f3. <br \/>&#8211; La p\u00e0gina d\u2019enlla\u00e7 no podr\u00e0 desenvolupar activitats o posar dispositius que siguin contraris a la llei, la moral, els bons costums i l\u2019ordre p\u00fablic. <br \/>&#8211; Des de la p\u00e0gina web on s\u2019enlla\u00e7a la web de la Fundaci\u00f3 no es realitzaran manifestacions falses, inexactes o incorrectes sobre la Fundaci\u00f3, el seu personal, la qualitat dels serveis que presta o qualsevol altre professional d\u2019infermeria a tot el territori de l\u2019Estat. <br \/>&#8211; El remitent no podr\u00e0 utilitzar la marca gr\u00e0fica o mixta o qualsevol signe distintiu de la Fundaci\u00f3 dins el seu propi lloc web, llevat que tingui autoritzaci\u00f3 pr\u00e8via i expressa de la Fundaci\u00f3. <br \/>&#8211; L\u2019exist\u00e8ncia d\u2019un enlla\u00e7 no implica l\u2019exist\u00e8ncia de relacions entre la Fundaci\u00f3 i el propietari del lloc web, ni l\u2019acceptaci\u00f3 ni aprovaci\u00f3 per part de la Fundaci\u00f3 dels seus continguts o serveis.<\/p><p><strong>6. PROTECCI\u00d3 DE DADES<\/strong><br \/>6.1. La Fundaci\u00f3 Infermeres Barcelona garanteix el compliment de les obligacions derivades de la normativa de protecci\u00f3 de dades, el Reglament (UE) 2016\/679 del Parlament Europeu i del Consell, relatiu a la protecci\u00f3 de les persones f\u00edsiques pel que respecta al tractament de les dades personals i a la lliure circulaci\u00f3 d\u2019aquestes dades (RGPD). La Fundaci\u00f3 posa a disposici\u00f3 dels usuaris la Pol\u00edtica de Protecci\u00f3 de Dadesi laPol\u00edtica de Galetes o Cookiesque hauran d\u2019acceptar quan facilitin les seves dades a trav\u00e9s d\u2019aquesta p\u00e0gina web.<\/p><p><strong>7. LEGISLACI\u00d3 APLICABLE<\/strong><br \/>7.1. Les presents condicions d\u2019\u00fas queden subjectes a la llei espanyola. Per a la resoluci\u00f3 de qualsevol conflicte que pogu\u00e9s derivar-se de l\u2019acc\u00e9s a la p\u00e0gina web, l\u2019usuari i la Fundaci\u00f3 renuncien al seu fur propi que els pogu\u00e9s correspondre i acorden sotmetre\u2019s expressament als Jutjats i Tribunals de la ciutat de Barcelona.<\/p>\t\t\t\t\t\t\t\t<\/div>\n\t\t\t\t\t<\/div>\n\t\t\t\t<\/div>\n\t\t\t\t<\/div>","protected":false},"excerpt":{"rendered":"<p>1. INFORMACI\u00d3 GENERAL1.1. En compliment de la Llei 34\/2002, d\u201911 de juliol, de Serveis de la Societat de la Informaci\u00f3 i de Comer\u00e7 Electr\u00f2nic (LSSI), en especial del que disposa l\u2019article 10, li informen de les seg\u00fcents dades identificatives: \u2022 Denominaci\u00f3: Fundaci\u00f3 Infermeres Barcelona (la Fundaci\u00f3)\u2022 Adre\u00e7a: Carrer Pujades, 350, 08019 de Barcelona. \u2022 CIF: [&hellip;]<\/p>","protected":false},"author":1,"featured_media":0,"parent":0,"menu_order":0,"comment_status":"closed","ping_status":"closed","template":"","meta":{"_acf_changed":false,"footnotes":""},"class_list":["post-511","page","type-page","status-publish","hentry"],"acf":[],"_links":{"self":[{"href":"https:\/\/infermeresbcn.org\/es\/wp-json\/wp\/v2\/pages\/511","targetHints":{"allow":["GET"]}}],"collection":[{"href":"https:\/\/infermeresbcn.org\/es\/wp-json\/wp\/v2\/pages"}],"about":[{"href":"https:\/\/infermeresbcn.org\/es\/wp-json\/wp\/v2\/types\/page"}],"author":[{"embeddable":true,"href":"https:\/\/infermeresbcn.org\/es\/wp-json\/wp\/v2\/users\/1"}],"replies":[{"embeddable":true,"href":"https:\/\/infermeresbcn.org\/es\/wp-json\/wp\/v2\/comments?post=511"}],"version-history":[{"count":4,"href":"https:\/\/infermeresbcn.org\/es\/wp-json\/wp\/v2\/pages\/511\/revisions"}],"predecessor-version":[{"id":515,"href":"https:\/\/infermeresbcn.org\/es\/wp-json\/wp\/v2\/pages\/511\/revisions\/515"}],"wp:attachment":[{"href":"https:\/\/infermeresbcn.org\/es\/wp-json\/wp\/v2\/media?parent=511"}],"curies":[{"name":"wp","href":"https:\/\/api.w.org\/{rel}","templated":true}]}}